{"id":114,"date":"2017-10-20T15:12:41","date_gmt":"2017-10-20T15:12:41","guid":{"rendered":"http:\/\/www.dance-fitness-academy.de\/?page_id=114"},"modified":"2026-03-09T09:54:04","modified_gmt":"2026-03-09T09:54:04","slug":"pole-2","status":"publish","type":"page","link":"https:\/\/www.dance-fitness-academy.de\/?page_id=114","title":{"rendered":"Pole"},"content":{"rendered":"\t\t<div data-elementor-type=\"wp-page\" data-elementor-id=\"114\" class=\"elementor elementor-114\">\n\t\t\t\t\t\t<div class=\"elementor-inner\">\n\t\t\t\t<div class=\"elementor-section-wrap\">\n\t\t\t\t\t\t\t\t\t<section class=\"elementor-section elementor-top-section elementor-element elementor-element-8rtaa1d elementor-section-boxed elementor-section-height-default elementor-section-height-default\" data-id=\"8rtaa1d\" data-element_type=\"section\">\n\t\t\t\t\t\t<div class=\"elementor-container elementor-column-gap-default\">\n\t\t\t\t\t\t\t<div class=\"elementor-row\">\n\t\t\t\t\t<div class=\"elementor-column elementor-col-100 elementor-top-column elementor-element elementor-element-mc8mxie\" data-id=\"mc8mxie\" data-element_type=\"column\">\n\t\t\t<div class=\"elementor-column-wrap elementor-element-populated\">\n\t\t\t\t\t\t\t<div class=\"elementor-widget-wrap\">\n\t\t\t\t\t\t<div class=\"elementor-element elementor-element-qm0k6so elementor-widget elementor-widget-wp-widget-sow-slider\" data-id=\"qm0k6so\" data-element_type=\"widget\" data-widget_type=\"wp-widget-sow-slider.default\">\n\t\t\t\t<div class=\"elementor-widget-container\">\n\t\t\t<div\n\t\t\t\n\t\t\tclass=\"so-widget-sow-slider so-widget-sow-slider-default-53fd0f98de19\"\n\t\t\t\n\t\t><div class=\"sow-slider-base\" style=\"display: none\"><ul\n\t\t\t\t\tclass=\"sow-slider-images\"\n\t\t\t\t\tdata-settings=\"{&quot;pagination&quot;:true,&quot;speed&quot;:800,&quot;timeout&quot;:8000,&quot;paused&quot;:true,&quot;pause_on_hover&quot;:false,&quot;swipe&quot;:true,&quot;nav_always_show_desktop&quot;:&quot;&quot;,&quot;nav_always_show_mobile&quot;:&quot;&quot;,&quot;breakpoint&quot;:&quot;780px&quot;,&quot;unmute&quot;:false,&quot;anchor&quot;:null}\"\n\t\t\t\t\t\t\t\t\t\tdata-anchor-id=\"\"\n\t\t\t\t>\t\t<li class=\"sow-slider-image  sow-slider-image-cover\" style=\"background-image: url(https:\/\/www.dance-fitness-academy.de\/wp-content\/uploads\/2017\/11\/Dance_and_Fitness_Academy_Pole2.jpg)\" >\n\t\t\t\t\t\t\t\t\t<img width=\"1500\" height=\"500\" src=\"https:\/\/www.dance-fitness-academy.de\/wp-content\/uploads\/2017\/11\/Dance_and_Fitness_Academy_Pole2.jpg\" class=\"sow-slider-background-image skip-lazy\" alt=\"\" loading=\"eager\" srcset=\"https:\/\/www.dance-fitness-academy.de\/wp-content\/uploads\/2017\/11\/Dance_and_Fitness_Academy_Pole2.jpg 1500w, https:\/\/www.dance-fitness-academy.de\/wp-content\/uploads\/2017\/11\/Dance_and_Fitness_Academy_Pole2-300x100.jpg 300w, https:\/\/www.dance-fitness-academy.de\/wp-content\/uploads\/2017\/11\/Dance_and_Fitness_Academy_Pole2-768x256.jpg 768w, https:\/\/www.dance-fitness-academy.de\/wp-content\/uploads\/2017\/11\/Dance_and_Fitness_Academy_Pole2-1024x341.jpg 1024w\" sizes=\"(max-width: 1500px) 100vw, 1500px\" \/>\t\t\t\t\t\t\t\t<\/li>\n\t\t\t\t<li class=\"sow-slider-image  sow-slider-image-cover\" style=\"background-image: url(https:\/\/www.dance-fitness-academy.de\/wp-content\/uploads\/2017\/11\/Dance_and_Fitness_Academy_Pole.jpg)\" >\n\t\t\t\t\t\t\t\t\t<img width=\"1500\" height=\"500\" src=\"https:\/\/www.dance-fitness-academy.de\/wp-content\/uploads\/2017\/11\/Dance_and_Fitness_Academy_Pole.jpg\" class=\"sow-slider-background-image skip-lazy\" alt=\"\" loading=\"eager\" srcset=\"https:\/\/www.dance-fitness-academy.de\/wp-content\/uploads\/2017\/11\/Dance_and_Fitness_Academy_Pole.jpg 1500w, https:\/\/www.dance-fitness-academy.de\/wp-content\/uploads\/2017\/11\/Dance_and_Fitness_Academy_Pole-300x100.jpg 300w, https:\/\/www.dance-fitness-academy.de\/wp-content\/uploads\/2017\/11\/Dance_and_Fitness_Academy_Pole-768x256.jpg 768w, https:\/\/www.dance-fitness-academy.de\/wp-content\/uploads\/2017\/11\/Dance_and_Fitness_Academy_Pole-1024x341.jpg 1024w\" sizes=\"(max-width: 1500px) 100vw, 1500px\" \/>\t\t\t\t\t\t\t\t<\/li>\n\t\t<\/ul>\t\t\t\t<ol class=\"sow-slider-pagination\">\n\t\t\t\t\t\t\t\t\t\t\t<li><a href=\"#\" data-goto=\"0\" aria-label=\"display slide 1\"><\/a><\/li>\n\t\t\t\t\t\t\t\t\t\t\t<li><a href=\"#\" data-goto=\"1\" aria-label=\"display slide 2\"><\/a><\/li>\n\t\t\t\t\t\t\t\t\t<\/ol>\n\n\t\t\t\t<div class=\"sow-slide-nav sow-slide-nav-next\">\n\t\t\t\t\t<a href=\"#\" data-goto=\"next\" aria-label=\"next slide\" data-action=\"next\">\n\t\t\t\t\t\t<em class=\"sow-sld-icon-thin-right\"><\/em>\n\t\t\t\t\t<\/a>\n\t\t\t\t<\/div>\n\n\t\t\t\t<div class=\"sow-slide-nav sow-slide-nav-prev\">\n\t\t\t\t\t<a href=\"#\" data-goto=\"previous\" aria-label=\"previous slide\" data-action=\"prev\">\n\t\t\t\t\t\t<em class=\"sow-sld-icon-thin-left\"><\/em>\n\t\t\t\t\t<\/a>\n\t\t\t\t<\/div>\n\t\t\t\t<\/div><\/div>\t\t<\/div>\n\t\t\t\t<\/div>\n\t\t\t\t\t\t<\/div>\n\t\t\t\t\t<\/div>\n\t\t<\/div>\n\t\t\t\t\t\t\t\t<\/div>\n\t\t\t\t\t<\/div>\n\t\t<\/section>\n\t\t\t\t<section class=\"elementor-section elementor-top-section elementor-element elementor-element-22e2ade elementor-section-boxed elementor-section-height-default elementor-section-height-default\" data-id=\"22e2ade\" data-element_type=\"section\">\n\t\t\t\t\t\t<div class=\"elementor-container elementor-column-gap-default\">\n\t\t\t\t\t\t\t<div class=\"elementor-row\">\n\t\t\t\t\t<div class=\"elementor-column elementor-col-100 elementor-top-column elementor-element elementor-element-32844e9\" data-id=\"32844e9\" data-element_type=\"column\">\n\t\t\t<div class=\"elementor-column-wrap elementor-element-populated\">\n\t\t\t\t\t\t\t<div class=\"elementor-widget-wrap\">\n\t\t\t\t\t\t<div class=\"elementor-element elementor-element-938c411 elementor-widget elementor-widget-image\" data-id=\"938c411\" data-element_type=\"widget\" data-widget_type=\"image.default\">\n\t\t\t\t<div class=\"elementor-widget-container\">\n\t\t\t\t\t\t\t\t<div class=\"elementor-image\">\n\t\t\t\t\t\t\t\t\t\t\t\t<img width=\"1024\" height=\"720\" src=\"https:\/\/www.dance-fitness-academy.de\/wp-content\/uploads\/2026\/03\/Entwurf-Kursplan-11.2.-1024x720.jpg\" class=\"attachment-large size-large\" alt=\"\" loading=\"lazy\" srcset=\"https:\/\/www.dance-fitness-academy.de\/wp-content\/uploads\/2026\/03\/Entwurf-Kursplan-11.2.-1024x720.jpg 1024w, https:\/\/www.dance-fitness-academy.de\/wp-content\/uploads\/2026\/03\/Entwurf-Kursplan-11.2.-300x211.jpg 300w, https:\/\/www.dance-fitness-academy.de\/wp-content\/uploads\/2026\/03\/Entwurf-Kursplan-11.2.-768x540.jpg 768w, https:\/\/www.dance-fitness-academy.de\/wp-content\/uploads\/2026\/03\/Entwurf-Kursplan-11.2..jpg 1062w\" sizes=\"(max-width: 1024px) 100vw, 1024px\" \/>\t\t\t\t\t\t\t\t\t\t\t\t\t\t<\/div>\n\t\t\t\t\t\t<\/div>\n\t\t\t\t<\/div>\n\t\t\t\t\t\t<\/div>\n\t\t\t\t\t<\/div>\n\t\t<\/div>\n\t\t\t\t\t\t\t\t<\/div>\n\t\t\t\t\t<\/div>\n\t\t<\/section>\n\t\t\t\t<section class=\"elementor-section elementor-top-section elementor-element elementor-element-feccpmx elementor-section-content-bottom elementor-section-boxed elementor-section-height-default elementor-section-height-default\" data-id=\"feccpmx\" data-element_type=\"section\">\n\t\t\t\t\t\t<div class=\"elementor-container elementor-column-gap-no\">\n\t\t\t\t\t\t\t<div class=\"elementor-row\">\n\t\t\t\t\t<div class=\"elementor-column elementor-col-100 elementor-top-column elementor-element elementor-element-1xwdbyq\" data-id=\"1xwdbyq\" data-element_type=\"column\">\n\t\t\t<div class=\"elementor-column-wrap elementor-element-populated\">\n\t\t\t\t\t\t\t<div class=\"elementor-widget-wrap\">\n\t\t\t\t\t\t<div class=\"elementor-element elementor-element-iy2yyoz elementor-widget elementor-widget-heading\" data-id=\"iy2yyoz\" data-element_type=\"widget\" data-widget_type=\"heading.default\">\n\t\t\t\t<div class=\"elementor-widget-container\">\n\t\t\t<h2 class=\"elementor-heading-title elementor-size-default\">Pole Dance<\/h2>\t\t<\/div>\n\t\t\t\t<\/div>\n\t\t\t\t<div class=\"elementor-element elementor-element-x9rjl77 elementor-widget elementor-widget-accordion\" data-id=\"x9rjl77\" data-element_type=\"widget\" data-widget_type=\"accordion.default\">\n\t\t\t\t<div class=\"elementor-widget-container\">\n\t\t\t\t\t<div class=\"elementor-accordion\" role=\"tablist\">\n\t\t\t\t\t\t\t<div class=\"elementor-accordion-item\">\n\t\t\t\t\t<div id=\"elementor-tab-title-2421\" class=\"elementor-tab-title\" data-tab=\"1\" role=\"tab\" aria-controls=\"elementor-tab-content-2421\" aria-expanded=\"false\">\n\t\t\t\t\t\t\t\t\t\t\t\t\t<span class=\"elementor-accordion-icon elementor-accordion-icon-left\" aria-hidden=\"true\">\n\t\t\t\t\t\t\t\t\t\t\t\t\t\t\t<span class=\"elementor-accordion-icon-closed\"><i class=\"fas fa-plus\"><\/i><\/span>\n\t\t\t\t\t\t\t\t<span class=\"elementor-accordion-icon-opened\"><i class=\"fas fa-minus\"><\/i><\/span>\n\t\t\t\t\t\t\t\t\t\t\t\t\t\t<\/span>\n\t\t\t\t\t\t\t\t\t\t\t\t<a class=\"elementor-accordion-title\" href=\"\">Pole Dance Einsteiger Workshop<\/a>\n\t\t\t\t\t<\/div>\n\t\t\t\t\t<div id=\"elementor-tab-content-2421\" class=\"elementor-tab-content elementor-clearfix\" data-tab=\"1\" role=\"tabpanel\" aria-labelledby=\"elementor-tab-title-2421\"><p class=\"isSelectedEnd\">Du m\u00f6chtest Pole Dance ausprobieren und herausfinden, ob dieser faszinierende Sport etwas f\u00fcr dich ist? In unserem <strong>Pole Dance Einsteiger-Workshop<\/strong> hast du die perfekte Gelegenheit, ganz unverbindlich erste Erfahrungen zu sammeln.<\/p><p class=\"isSelectedEnd\">F\u00fcr <strong>25 \u20ac<\/strong> lernst du die Grundlagen des Pole Dance kennen. Wir zeigen dir erste Spins, einfache Figuren und grundlegende Techniken, damit du ein Gef\u00fchl f\u00fcr die Bewegung an der Stange bekommst. Der Workshop ist ideal f\u00fcr Anf\u00e4nger*innen und es sind <strong>keine Vorkenntnisse erforderlich<\/strong>.<\/p><p>Vielleicht entdeckst du dabei sogar <strong>deinen neuen Lieblingssport<\/strong>!<br \/>Solltest du dich anschlie\u00dfend f\u00fcr ein <strong>Abo bei uns entscheiden<\/strong>, werden dir die <strong>25 \u20ac vollst\u00e4ndig angerechnet<\/strong> \u2013 und du kannst direkt richtig bei uns durchstarten.<\/p><p><strong>keine Voraussetzungen<\/strong><\/p><p>Anmeldung\u00a0 \u00fcber WhatsApp\/ Email oder per Telefon ausmachen.<\/p><\/div>\n\t\t\t\t<\/div>\n\t\t\t\t\t\t\t<div class=\"elementor-accordion-item\">\n\t\t\t\t\t<div id=\"elementor-tab-title-2422\" class=\"elementor-tab-title\" data-tab=\"2\" role=\"tab\" aria-controls=\"elementor-tab-content-2422\" aria-expanded=\"false\">\n\t\t\t\t\t\t\t\t\t\t\t\t\t<span class=\"elementor-accordion-icon elementor-accordion-icon-left\" aria-hidden=\"true\">\n\t\t\t\t\t\t\t\t\t\t\t\t\t\t\t<span class=\"elementor-accordion-icon-closed\"><i class=\"fas fa-plus\"><\/i><\/span>\n\t\t\t\t\t\t\t\t<span class=\"elementor-accordion-icon-opened\"><i class=\"fas fa-minus\"><\/i><\/span>\n\t\t\t\t\t\t\t\t\t\t\t\t\t\t<\/span>\n\t\t\t\t\t\t\t\t\t\t\t\t<a class=\"elementor-accordion-title\" href=\"\">Pole Dance Anf\u00e4nger Workshop<\/a>\n\t\t\t\t\t<\/div>\n\t\t\t\t\t<div id=\"elementor-tab-content-2422\" class=\"elementor-tab-content elementor-clearfix\" data-tab=\"2\" role=\"tabpanel\" aria-labelledby=\"elementor-tab-title-2422\"><p><strong>Keine\u00a0<\/strong><b>Voraussetzungen<\/b><\/p><p>Egal ob gro\u00df, klein, sportlich oder unsportlich, der\u00a0<strong>Pole Anf\u00e4nger Workshop<\/strong>\u00a0stellt den optimalen Einstieg f\u00fcr diese Sportart dar.<br \/>Hier lernt man die\u00a0<strong>15 Basisfiguren<\/strong>\u00a0kennen.\u00a0Zur Teilnahme am Workshop ist eine Anmeldung erforderlich.<\/p><p>Man meldet sich zu unserem Samstagsworkshop <strong>einmalig 2,5 Std.<\/strong> an oder man beginnt mit dem Workshop unter der Woche, dieser umfasst = <strong>4x45Min.<\/strong>\u00a0allerdings jeweils 1x pro Woche.<br \/>Dieser Kurs findet nur an bestimmten Daten statt, siehe aktueller Stundeplan<\/p><p>Wenn du das Kurse + Abo hast, ist f\u00fcr dich die Teilnahme kostenlos<\/p><p>F\u00fcr Externe Teilnehmer 70,- pro Workshop und Person. ( zu verrechenbar am Starttermin des Wokshops mit Abschluss einer MG)<\/p><p>Wenn dieser komplette Workshop (4&#215;45 Min. oder 1&#215;180 Min.) <strong>2x\u00a0<\/strong>absolviert ist steht es dem Teilnehmer frei, zu welchem Kurs er gehen m\u00f6chte. -&gt; Pole Workout\/ Pole Mix&#8230;.<\/p><p>Gerne sprecht mit euren zust\u00e4ndigen Pole Dance Anf\u00e4nger Trainer nach dem kennenlernen ab, wie es f\u00fcr euch weitergeht.<\/p><p>Anmeldung ist zu den Workshops erforderlich.\u00a0<\/p><p>0871\/96699393<\/p><p>Whats App: 01702817824<\/p><\/div>\n\t\t\t\t<\/div>\n\t\t\t\t\t\t\t\t<\/div>\n\t\t\t\t<\/div>\n\t\t\t\t<\/div>\n\t\t\t\t\t\t<\/div>\n\t\t\t\t\t<\/div>\n\t\t<\/div>\n\t\t\t\t\t\t\t\t<\/div>\n\t\t\t\t\t<\/div>\n\t\t<\/section>\n\t\t\t\t<section class=\"elementor-section elementor-top-section elementor-element elementor-element-714c3f8 elementor-section-boxed elementor-section-height-default elementor-section-height-default\" data-id=\"714c3f8\" data-element_type=\"section\">\n\t\t\t\t\t\t<div class=\"elementor-container elementor-column-gap-default\">\n\t\t\t\t\t\t\t<div class=\"elementor-row\">\n\t\t\t\t\t<div class=\"elementor-column elementor-col-100 elementor-top-column elementor-element elementor-element-3b66cb6\" data-id=\"3b66cb6\" data-element_type=\"column\">\n\t\t\t<div class=\"elementor-column-wrap elementor-element-populated\">\n\t\t\t\t\t\t\t<div class=\"elementor-widget-wrap\">\n\t\t\t\t\t\t<div class=\"elementor-element elementor-element-b706599 elementor-widget elementor-widget-text-editor\" data-id=\"b706599\" data-element_type=\"widget\" data-widget_type=\"text-editor.default\">\n\t\t\t\t<div class=\"elementor-widget-container\">\n\t\t\t\t\t\t\t\t<div class=\"elementor-text-editor elementor-clearfix\">\n\t\t\t\t<p>Solltest du als Fortgeschrittene Poleerina von einem anderen Studio zu uns sto\u00dfen wollen, tritt bitte mit uns in Kontakt, dass wir deinen Leistungsstand besprechen k\u00f6nnen. Tel: 0170\/2817824<\/p>\t\t\t\t\t<\/div>\n\t\t\t\t\t\t<\/div>\n\t\t\t\t<\/div>\n\t\t\t\t\t\t<\/div>\n\t\t\t\t\t<\/div>\n\t\t<\/div>\n\t\t\t\t\t\t\t\t<\/div>\n\t\t\t\t\t<\/div>\n\t\t<\/section>\n\t\t\t\t<section class=\"elementor-section elementor-top-section elementor-element elementor-element-d23e042 elementor-section-boxed elementor-section-height-default elementor-section-height-default\" data-id=\"d23e042\" data-element_type=\"section\">\n\t\t\t\t\t\t<div class=\"elementor-container elementor-column-gap-default\">\n\t\t\t\t\t\t\t<div class=\"elementor-row\">\n\t\t\t\t\t<div class=\"elementor-column elementor-col-100 elementor-top-column elementor-element elementor-element-80fc47a\" data-id=\"80fc47a\" data-element_type=\"column\">\n\t\t\t<div class=\"elementor-column-wrap elementor-element-populated\">\n\t\t\t\t\t\t\t<div class=\"elementor-widget-wrap\">\n\t\t\t\t\t\t<div class=\"elementor-element elementor-element-dc28811 elementor-widget elementor-widget-heading\" data-id=\"dc28811\" data-element_type=\"widget\" data-widget_type=\"heading.default\">\n\t\t\t\t<div class=\"elementor-widget-container\">\n\t\t\t<h2 class=\"elementor-heading-title elementor-size-default\">Pole Dance Fortgeschrittenene Kurse k\u00f6nnen individuell gebucht werden. <br>Vorraussetzung 2x Anf\u00e4nger Workshop<\/h2>\t\t<\/div>\n\t\t\t\t<\/div>\n\t\t\t\t\t\t<\/div>\n\t\t\t\t\t<\/div>\n\t\t<\/div>\n\t\t\t\t\t\t\t\t<\/div>\n\t\t\t\t\t<\/div>\n\t\t<\/section>\n\t\t\t\t<section class=\"elementor-section elementor-top-section elementor-element elementor-element-f66edac elementor-section-boxed elementor-section-height-default elementor-section-height-default\" data-id=\"f66edac\" data-element_type=\"section\">\n\t\t\t\t\t\t<div class=\"elementor-container elementor-column-gap-default\">\n\t\t\t\t\t\t\t<div class=\"elementor-row\">\n\t\t\t\t\t<div class=\"elementor-column elementor-col-100 elementor-top-column elementor-element elementor-element-c1ade84\" data-id=\"c1ade84\" data-element_type=\"column\">\n\t\t\t<div class=\"elementor-column-wrap elementor-element-populated\">\n\t\t\t\t\t\t\t<div class=\"elementor-widget-wrap\">\n\t\t\t\t\t\t\t\t<\/div>\n\t\t\t\t\t<\/div>\n\t\t<\/div>\n\t\t\t\t\t\t\t\t<\/div>\n\t\t\t\t\t<\/div>\n\t\t<\/section>\n\t\t\t\t<section class=\"elementor-section elementor-top-section elementor-element elementor-element-72327f1 elementor-section-boxed elementor-section-height-default elementor-section-height-default\" data-id=\"72327f1\" data-element_type=\"section\">\n\t\t\t\t\t\t<div class=\"elementor-container elementor-column-gap-default\">\n\t\t\t\t\t\t\t<div class=\"elementor-row\">\n\t\t\t\t\t<div class=\"elementor-column elementor-col-100 elementor-top-column elementor-element elementor-element-b32601f\" data-id=\"b32601f\" data-element_type=\"column\">\n\t\t\t<div class=\"elementor-column-wrap elementor-element-populated\">\n\t\t\t\t\t\t\t<div class=\"elementor-widget-wrap\">\n\t\t\t\t\t\t<div class=\"elementor-element elementor-element-1cd57c2 elementor-widget elementor-widget-text-editor\" data-id=\"1cd57c2\" data-element_type=\"widget\" data-widget_type=\"text-editor.default\">\n\t\t\t\t<div class=\"elementor-widget-container\">\n\t\t\t\t\t\t\t\t<div class=\"elementor-text-editor elementor-clearfix\">\n\t\t\t\t<h3><strong>F\u00fcr Mitglieder &amp; 10er Karten Besitzer mit Status Fortgeschritten<\/strong><\/h3><p>Pole Freestyle &amp; Foto<\/p><p>Pole Intermediate<\/p><p>Pole Conditioning<\/p><p>Pole Duo L1<\/p><p>Pole Low Dance<\/p><p>Pole Figuren L 1-2<\/p><p>Pole Figuren L 2<\/p><p>Pole Combo &amp; Spinn L1-2<\/p><p>Pole Workout<\/p><p>Pole Combo &amp; Spinn L 2-3<\/p><p><span style=\"color: var( --e-global-color-text ); font-family: var( --e-global-typography-text-font-family ), Sans-serif; font-weight: var( --e-global-typography-text-font-weight );\">Pole<\/span><span style=\"color: var( --e-global-color-text ); font-family: var( --e-global-typography-text-font-family ), Sans-serif; font-weight: var( --e-global-typography-text-font-weight );\">\u00a0Choreo<\/span><\/p><p>Pole Lyrical Choreo<\/p><p>Prosecco Pole Treff<\/p><p>Pole Mix\u00a0\u00a0<\/p><p>Pole Klettern Aufschwung<\/p><p>Pole Basic<\/p><p>Pole Flexi<\/p><p>Pole Dance mit deinem m\u00e4nnlichem Partner<\/p>\t\t\t\t\t<\/div>\n\t\t\t\t\t\t<\/div>\n\t\t\t\t<\/div>\n\t\t\t\t\t\t<\/div>\n\t\t\t\t\t<\/div>\n\t\t<\/div>\n\t\t\t\t\t\t\t\t<\/div>\n\t\t\t\t\t<\/div>\n\t\t<\/section>\n\t\t\t\t<section class=\"elementor-section elementor-top-section elementor-element elementor-element-580930d elementor-section-boxed elementor-section-height-default elementor-section-height-default\" data-id=\"580930d\" data-element_type=\"section\">\n\t\t\t\t\t\t<div class=\"elementor-container elementor-column-gap-default\">\n\t\t\t\t\t\t\t<div class=\"elementor-row\">\n\t\t\t\t\t<div class=\"elementor-column elementor-col-50 elementor-top-column elementor-element elementor-element-3ad647c\" data-id=\"3ad647c\" data-element_type=\"column\">\n\t\t\t<div class=\"elementor-column-wrap elementor-element-populated\">\n\t\t\t\t\t\t\t<div class=\"elementor-widget-wrap\">\n\t\t\t\t\t\t\t\t<\/div>\n\t\t\t\t\t<\/div>\n\t\t<\/div>\n\t\t\t\t<div class=\"elementor-column elementor-col-50 elementor-top-column elementor-element elementor-element-1dfcfef\" data-id=\"1dfcfef\" data-element_type=\"column\">\n\t\t\t<div class=\"elementor-column-wrap elementor-element-populated\">\n\t\t\t\t\t\t\t<div class=\"elementor-widget-wrap\">\n\t\t\t\t\t\t<div class=\"elementor-element elementor-element-8d903ee elementor-widget elementor-widget-image\" data-id=\"8d903ee\" data-element_type=\"widget\" data-widget_type=\"image.default\">\n\t\t\t\t<div class=\"elementor-widget-container\">\n\t\t\t\t\t\t\t\t<div class=\"elementor-image\">\n\t\t\t\t\t\t\t\t\t\t\t\t<img width=\"279\" height=\"115\" src=\"https:\/\/www.dance-fitness-academy.de\/wp-content\/uploads\/2022\/01\/Level-Pole.jpg\" class=\"attachment-large size-large\" alt=\"\" loading=\"lazy\" \/>\t\t\t\t\t\t\t\t\t\t\t\t\t\t<\/div>\n\t\t\t\t\t\t<\/div>\n\t\t\t\t<\/div>\n\t\t\t\t\t\t<\/div>\n\t\t\t\t\t<\/div>\n\t\t<\/div>\n\t\t\t\t\t\t\t\t<\/div>\n\t\t\t\t\t<\/div>\n\t\t<\/section>\n\t\t\t\t\t\t\t\t\t<\/div>\n\t\t\t<\/div>\n\t\t\t\t\t<\/div>\n\t\t","protected":false},"excerpt":{"rendered":"<p>Pole Dance Pole Dance Einsteiger Workshop Du m\u00f6chtest Pole Dance ausprobieren und herausfinden, ob dieser faszinierende Sport etwas f\u00fcr dich ist? In unserem Pole Dance Einsteiger-Workshop hast du die perfekte Gelegenheit, ganz unverbindlich erste Erfahrungen zu sammeln. F\u00fcr 25 \u20ac lernst du die Grundlagen des Pole Dance kennen. Wir zeigen dir erste Spins, einfache Figuren &#8230; <a title=\"Pole\" class=\"read-more\" href=\"https:\/\/www.dance-fitness-academy.de\/?page_id=114\" aria-label=\"Mehr bei Pole\">Weiterlesen &#8230;<\/a><\/p>\n","protected":false},"author":1,"featured_media":0,"parent":195,"menu_order":0,"comment_status":"closed","ping_status":"closed","template":"","meta":{"_mi_skip_tracking":false,"generate_page_header":""},"_links":{"self":[{"href":"https:\/\/www.dance-fitness-academy.de\/index.php?rest_route=\/wp\/v2\/pages\/114"}],"collection":[{"href":"https:\/\/www.dance-fitness-academy.de\/index.php?rest_route=\/wp\/v2\/pages"}],"about":[{"href":"https:\/\/www.dance-fitness-academy.de\/index.php?rest_route=\/wp\/v2\/types\/page"}],"author":[{"embeddable":true,"href":"https:\/\/www.dance-fitness-academy.de\/index.php?rest_route=\/wp\/v2\/users\/1"}],"replies":[{"embeddable":true,"href":"https:\/\/www.dance-fitness-academy.de\/index.php?rest_route=%2Fwp%2Fv2%2Fcomments&post=114"}],"version-history":[{"count":178,"href":"https:\/\/www.dance-fitness-academy.de\/index.php?rest_route=\/wp\/v2\/pages\/114\/revisions"}],"predecessor-version":[{"id":2366,"href":"https:\/\/www.dance-fitness-academy.de\/index.php?rest_route=\/wp\/v2\/pages\/114\/revisions\/2366"}],"up":[{"embeddable":true,"href":"https:\/\/www.dance-fitness-academy.de\/index.php?rest_route=\/wp\/v2\/pages\/195"}],"wp:attachment":[{"href":"https:\/\/www.dance-fitness-academy.de\/index.php?rest_route=%2Fwp%2Fv2%2Fmedia&parent=114"}],"curies":[{"name":"wp","href":"https:\/\/api.w.org\/{rel}","templated":true}]}}