{"id":132,"date":"2017-10-21T20:26:30","date_gmt":"2017-10-21T20:26:30","guid":{"rendered":"http:\/\/www.dance-fitness-academy.de\/?page_id=132"},"modified":"2026-03-09T09:17:11","modified_gmt":"2026-03-09T09:17:11","slug":"pole-3","status":"publish","type":"page","link":"https:\/\/www.dance-fitness-academy.de\/?page_id=132","title":{"rendered":"Dance"},"content":{"rendered":"\t\t<div data-elementor-type=\"wp-post\" data-elementor-id=\"132\" class=\"elementor elementor-132\">\n\t\t\t\t\t\t<div class=\"elementor-inner\">\n\t\t\t\t<div class=\"elementor-section-wrap\">\n\t\t\t\t\t\t\t\t\t<section class=\"elementor-section elementor-top-section elementor-element elementor-element-0zwhwkc elementor-section-boxed elementor-section-height-default elementor-section-height-default\" data-id=\"0zwhwkc\" data-element_type=\"section\">\n\t\t\t\t\t\t<div class=\"elementor-container elementor-column-gap-default\">\n\t\t\t\t\t\t\t<div class=\"elementor-row\">\n\t\t\t\t\t<div class=\"elementor-column elementor-col-100 elementor-top-column elementor-element elementor-element-wd4ih8x\" data-id=\"wd4ih8x\" data-element_type=\"column\">\n\t\t\t<div class=\"elementor-column-wrap elementor-element-populated\">\n\t\t\t\t\t\t\t<div class=\"elementor-widget-wrap\">\n\t\t\t\t\t\t<div class=\"elementor-element elementor-element-9y3e8xy elementor-widget elementor-widget-wp-widget-sow-slider\" data-id=\"9y3e8xy\" data-element_type=\"widget\" data-widget_type=\"wp-widget-sow-slider.default\">\n\t\t\t\t<div class=\"elementor-widget-container\">\n\t\t\t<div\n\t\t\t\n\t\t\tclass=\"so-widget-sow-slider so-widget-sow-slider-default-53fd0f98de19\"\n\t\t\t\n\t\t><div class=\"sow-slider-base\" style=\"display: none\"><ul\n\t\t\t\t\tclass=\"sow-slider-images\"\n\t\t\t\t\tdata-settings=\"{&quot;pagination&quot;:true,&quot;speed&quot;:800,&quot;timeout&quot;:8000,&quot;paused&quot;:true,&quot;pause_on_hover&quot;:false,&quot;swipe&quot;:true,&quot;nav_always_show_desktop&quot;:&quot;&quot;,&quot;nav_always_show_mobile&quot;:&quot;&quot;,&quot;breakpoint&quot;:&quot;780px&quot;,&quot;unmute&quot;:false,&quot;anchor&quot;:null}\"\n\t\t\t\t\t\t\t\t\t\tdata-anchor-id=\"\"\n\t\t\t\t>\t\t<li class=\"sow-slider-image  sow-slider-image-cover\" style=\"background-image: url(https:\/\/www.dance-fitness-academy.de\/wp-content\/uploads\/2017\/11\/Dance_and_Fitness_Academy_Dance.jpg)\" >\n\t\t\t\t\t\t\t\t\t<img width=\"1500\" height=\"499\" src=\"https:\/\/www.dance-fitness-academy.de\/wp-content\/uploads\/2017\/11\/Dance_and_Fitness_Academy_Dance.jpg\" class=\"sow-slider-background-image skip-lazy\" alt=\"\" loading=\"eager\" srcset=\"https:\/\/www.dance-fitness-academy.de\/wp-content\/uploads\/2017\/11\/Dance_and_Fitness_Academy_Dance.jpg 1500w, https:\/\/www.dance-fitness-academy.de\/wp-content\/uploads\/2017\/11\/Dance_and_Fitness_Academy_Dance-300x100.jpg 300w, https:\/\/www.dance-fitness-academy.de\/wp-content\/uploads\/2017\/11\/Dance_and_Fitness_Academy_Dance-768x255.jpg 768w, https:\/\/www.dance-fitness-academy.de\/wp-content\/uploads\/2017\/11\/Dance_and_Fitness_Academy_Dance-1024x341.jpg 1024w\" sizes=\"(max-width: 1500px) 100vw, 1500px\" \/>\t\t\t\t\t\t\t\t<\/li>\n\t\t\t\t<li class=\"sow-slider-image  sow-slider-image-cover\" style=\"background-image: url(https:\/\/www.dance-fitness-academy.de\/wp-content\/uploads\/2017\/11\/Dance_and_Fitness_Academy_Dance2.jpg)\" >\n\t\t\t\t\t\t\t\t\t<img width=\"1500\" height=\"499\" src=\"https:\/\/www.dance-fitness-academy.de\/wp-content\/uploads\/2017\/11\/Dance_and_Fitness_Academy_Dance2.jpg\" class=\"sow-slider-background-image skip-lazy\" alt=\"\" loading=\"eager\" srcset=\"https:\/\/www.dance-fitness-academy.de\/wp-content\/uploads\/2017\/11\/Dance_and_Fitness_Academy_Dance2.jpg 1500w, https:\/\/www.dance-fitness-academy.de\/wp-content\/uploads\/2017\/11\/Dance_and_Fitness_Academy_Dance2-300x100.jpg 300w, https:\/\/www.dance-fitness-academy.de\/wp-content\/uploads\/2017\/11\/Dance_and_Fitness_Academy_Dance2-768x255.jpg 768w, https:\/\/www.dance-fitness-academy.de\/wp-content\/uploads\/2017\/11\/Dance_and_Fitness_Academy_Dance2-1024x341.jpg 1024w\" sizes=\"(max-width: 1500px) 100vw, 1500px\" \/>\t\t\t\t\t\t\t\t<\/li>\n\t\t<\/ul>\t\t\t\t<ol class=\"sow-slider-pagination\">\n\t\t\t\t\t\t\t\t\t\t\t<li><a href=\"#\" data-goto=\"0\" aria-label=\"display slide 1\"><\/a><\/li>\n\t\t\t\t\t\t\t\t\t\t\t<li><a href=\"#\" data-goto=\"1\" aria-label=\"display slide 2\"><\/a><\/li>\n\t\t\t\t\t\t\t\t\t<\/ol>\n\n\t\t\t\t<div class=\"sow-slide-nav sow-slide-nav-next\">\n\t\t\t\t\t<a href=\"#\" data-goto=\"next\" aria-label=\"next slide\" data-action=\"next\">\n\t\t\t\t\t\t<em class=\"sow-sld-icon-thin-right\"><\/em>\n\t\t\t\t\t<\/a>\n\t\t\t\t<\/div>\n\n\t\t\t\t<div class=\"sow-slide-nav sow-slide-nav-prev\">\n\t\t\t\t\t<a href=\"#\" data-goto=\"previous\" aria-label=\"previous slide\" data-action=\"prev\">\n\t\t\t\t\t\t<em class=\"sow-sld-icon-thin-left\"><\/em>\n\t\t\t\t\t<\/a>\n\t\t\t\t<\/div>\n\t\t\t\t<\/div><\/div>\t\t<\/div>\n\t\t\t\t<\/div>\n\t\t\t\t\t\t<\/div>\n\t\t\t\t\t<\/div>\n\t\t<\/div>\n\t\t\t\t\t\t\t\t<\/div>\n\t\t\t\t\t<\/div>\n\t\t<\/section>\n\t\t\t\t<section class=\"elementor-section elementor-top-section elementor-element elementor-element-lf4a35a elementor-section-boxed elementor-section-height-default elementor-section-height-default\" data-id=\"lf4a35a\" data-element_type=\"section\">\n\t\t\t\t\t\t<div class=\"elementor-container elementor-column-gap-default\">\n\t\t\t\t\t\t\t<div class=\"elementor-row\">\n\t\t\t\t\t<div class=\"elementor-column elementor-col-100 elementor-top-column elementor-element elementor-element-xggldcq\" data-id=\"xggldcq\" data-element_type=\"column\">\n\t\t\t<div class=\"elementor-column-wrap elementor-element-populated\">\n\t\t\t\t\t\t\t<div class=\"elementor-widget-wrap\">\n\t\t\t\t\t\t<div class=\"elementor-element elementor-element-iy2yyoz elementor-widget elementor-widget-heading\" data-id=\"iy2yyoz\" data-element_type=\"widget\" data-widget_type=\"heading.default\">\n\t\t\t\t<div class=\"elementor-widget-container\">\n\t\t\t<h2 class=\"elementor-heading-title elementor-size-default\">Dance\n\n<\/h2>\t\t<\/div>\n\t\t\t\t<\/div>\n\t\t\t\t<div class=\"elementor-element elementor-element-l4bfqph elementor-widget elementor-widget-accordion\" data-id=\"l4bfqph\" data-element_type=\"widget\" data-widget_type=\"accordion.default\">\n\t\t\t\t<div class=\"elementor-widget-container\">\n\t\t\t\t\t<div class=\"elementor-accordion\" role=\"tablist\">\n\t\t\t\t\t\t\t<div class=\"elementor-accordion-item\">\n\t\t\t\t\t<div id=\"elementor-tab-title-1211\" class=\"elementor-tab-title\" data-tab=\"1\" role=\"tab\" aria-controls=\"elementor-tab-content-1211\" aria-expanded=\"false\">\n\t\t\t\t\t\t\t\t\t\t\t\t\t<span class=\"elementor-accordion-icon elementor-accordion-icon-left\" aria-hidden=\"true\">\n\t\t\t\t\t\t\t\t\t\t\t\t\t\t\t<span class=\"elementor-accordion-icon-closed\"><i class=\"fas fa-plus\"><\/i><\/span>\n\t\t\t\t\t\t\t\t<span class=\"elementor-accordion-icon-opened\"><i class=\"fas fa-minus\"><\/i><\/span>\n\t\t\t\t\t\t\t\t\t\t\t\t\t\t<\/span>\n\t\t\t\t\t\t\t\t\t\t\t\t<a class=\"elementor-accordion-title\" href=\"\">Probestunde<\/a>\n\t\t\t\t\t<\/div>\n\t\t\t\t\t<div id=\"elementor-tab-content-1211\" class=\"elementor-tab-content elementor-clearfix\" data-tab=\"1\" role=\"tabpanel\" aria-labelledby=\"elementor-tab-title-1211\"><p>Eine Probestunde kannst du jederzeit vereinbaren.<\/p><p>Wir beraten dich gerne f\u00fcr welche Kursstunde du geeignet bist oder wie du den Start zum Tanzen schaffst.\u00a0<\/p><p>Eine Anmeldung ist erforderlich, dies erfolgt \u00fcber WhatsApp \/ Email oder Telefon.\u00a0<\/p><\/div>\n\t\t\t\t<\/div>\n\t\t\t\t\t\t\t<div class=\"elementor-accordion-item\">\n\t\t\t\t\t<div id=\"elementor-tab-title-1212\" class=\"elementor-tab-title\" data-tab=\"2\" role=\"tab\" aria-controls=\"elementor-tab-content-1212\" aria-expanded=\"false\">\n\t\t\t\t\t\t\t\t\t\t\t\t\t<span class=\"elementor-accordion-icon elementor-accordion-icon-left\" aria-hidden=\"true\">\n\t\t\t\t\t\t\t\t\t\t\t\t\t\t\t<span class=\"elementor-accordion-icon-closed\"><i class=\"fas fa-plus\"><\/i><\/span>\n\t\t\t\t\t\t\t\t<span class=\"elementor-accordion-icon-opened\"><i class=\"fas fa-minus\"><\/i><\/span>\n\t\t\t\t\t\t\t\t\t\t\t\t\t\t<\/span>\n\t\t\t\t\t\t\t\t\t\t\t\t<a class=\"elementor-accordion-title\" href=\"\">Pole Dance <\/a>\n\t\t\t\t\t<\/div>\n\t\t\t\t\t<div id=\"elementor-tab-content-1212\" class=\"elementor-tab-content elementor-clearfix\" data-tab=\"2\" role=\"tabpanel\" aria-labelledby=\"elementor-tab-title-1212\"><p>Pole Dance bzw. Stangenakrobetik geh\u00f6rt auch zu unserem Dance Programm\u00a0<\/p><p>Termine und Workshops finden Sie unter dem Reiter: &#8220;Pole Dance&#8221; in der Kurs\u00fcbersicht<\/p><\/div>\n\t\t\t\t<\/div>\n\t\t\t\t\t\t\t<div class=\"elementor-accordion-item\">\n\t\t\t\t\t<div id=\"elementor-tab-title-1213\" class=\"elementor-tab-title\" data-tab=\"3\" role=\"tab\" aria-controls=\"elementor-tab-content-1213\" aria-expanded=\"false\">\n\t\t\t\t\t\t\t\t\t\t\t\t\t<span class=\"elementor-accordion-icon elementor-accordion-icon-left\" aria-hidden=\"true\">\n\t\t\t\t\t\t\t\t\t\t\t\t\t\t\t<span class=\"elementor-accordion-icon-closed\"><i class=\"fas fa-plus\"><\/i><\/span>\n\t\t\t\t\t\t\t\t<span class=\"elementor-accordion-icon-opened\"><i class=\"fas fa-minus\"><\/i><\/span>\n\t\t\t\t\t\t\t\t\t\t\t\t\t\t<\/span>\n\t\t\t\t\t\t\t\t\t\t\t\t<a class=\"elementor-accordion-title\" href=\"\">Spicy DANCE <\/a>\n\t\t\t\t\t<\/div>\n\t\t\t\t\t<div id=\"elementor-tab-content-1213\" class=\"elementor-tab-content elementor-clearfix\" data-tab=\"3\" role=\"tabpanel\" aria-labelledby=\"elementor-tab-title-1213\"><p>Hei\u00dfe weibliche H\u00fcftschw\u00fcnge, betonte weibliche Bewegungen, zur Choreographie\u00a0<\/p><p>\u00a0<\/p><\/div>\n\t\t\t\t<\/div>\n\t\t\t\t\t\t\t\t<\/div>\n\t\t\t\t<\/div>\n\t\t\t\t<\/div>\n\t\t\t\t\t\t<\/div>\n\t\t\t\t\t<\/div>\n\t\t<\/div>\n\t\t\t\t\t\t\t\t<\/div>\n\t\t\t\t\t<\/div>\n\t\t<\/section>\n\t\t\t\t\t\t\t\t\t<\/div>\n\t\t\t<\/div>\n\t\t\t\t\t<\/div>\n\t\t","protected":false},"excerpt":{"rendered":"<p>Dance Probestunde Eine Probestunde kannst du jederzeit vereinbaren. Wir beraten dich gerne f\u00fcr welche Kursstunde du geeignet bist oder wie du den Start zum Tanzen schaffst.\u00a0 Eine Anmeldung ist erforderlich, dies erfolgt \u00fcber WhatsApp \/ Email oder Telefon.\u00a0 Pole Dance Pole Dance bzw. Stangenakrobetik geh\u00f6rt auch zu unserem Dance Programm\u00a0 Termine und Workshops finden Sie &#8230; <a title=\"Dance\" class=\"read-more\" href=\"https:\/\/www.dance-fitness-academy.de\/?page_id=132\" aria-label=\"Mehr bei Dance\">Weiterlesen &#8230;<\/a><\/p>\n","protected":false},"author":1,"featured_media":0,"parent":195,"menu_order":0,"comment_status":"closed","ping_status":"closed","template":"","meta":{"_mi_skip_tracking":false,"generate_page_header":""},"_links":{"self":[{"href":"https:\/\/www.dance-fitness-academy.de\/index.php?rest_route=\/wp\/v2\/pages\/132"}],"collection":[{"href":"https:\/\/www.dance-fitness-academy.de\/index.php?rest_route=\/wp\/v2\/pages"}],"about":[{"href":"https:\/\/www.dance-fitness-academy.de\/index.php?rest_route=\/wp\/v2\/types\/page"}],"author":[{"embeddable":true,"href":"https:\/\/www.dance-fitness-academy.de\/index.php?rest_route=\/wp\/v2\/users\/1"}],"replies":[{"embeddable":true,"href":"https:\/\/www.dance-fitness-academy.de\/index.php?rest_route=%2Fwp%2Fv2%2Fcomments&post=132"}],"version-history":[{"count":103,"href":"https:\/\/www.dance-fitness-academy.de\/index.php?rest_route=\/wp\/v2\/pages\/132\/revisions"}],"predecessor-version":[{"id":2336,"href":"https:\/\/www.dance-fitness-academy.de\/index.php?rest_route=\/wp\/v2\/pages\/132\/revisions\/2336"}],"up":[{"embeddable":true,"href":"https:\/\/www.dance-fitness-academy.de\/index.php?rest_route=\/wp\/v2\/pages\/195"}],"wp:attachment":[{"href":"https:\/\/www.dance-fitness-academy.de\/index.php?rest_route=%2Fwp%2Fv2%2Fmedia&parent=132"}],"curies":[{"name":"wp","href":"https:\/\/api.w.org\/{rel}","templated":true}]}}