{"id":35,"date":"2017-10-19T14:49:11","date_gmt":"2017-10-19T14:49:11","guid":{"rendered":"http:\/\/www.dance-fitness-academy.de\/?page_id=35"},"modified":"2026-03-09T10:03:38","modified_gmt":"2026-03-09T10:03:38","slug":"preise","status":"publish","type":"page","link":"https:\/\/www.dance-fitness-academy.de\/?page_id=35","title":{"rendered":"Preise"},"content":{"rendered":"\t\t<div data-elementor-type=\"wp-page\" data-elementor-id=\"35\" class=\"elementor elementor-35\">\n\t\t\t\t\t\t<div class=\"elementor-inner\">\n\t\t\t\t<div class=\"elementor-section-wrap\">\n\t\t\t\t\t\t\t\t\t<section class=\"elementor-section elementor-top-section elementor-element elementor-element-45e1cc1 elementor-section-boxed elementor-section-height-default elementor-section-height-default\" data-id=\"45e1cc1\" data-element_type=\"section\">\n\t\t\t\t\t\t<div class=\"elementor-container elementor-column-gap-default\">\n\t\t\t\t\t\t\t<div class=\"elementor-row\">\n\t\t\t\t\t<div class=\"elementor-column elementor-col-100 elementor-top-column elementor-element elementor-element-6d6ee7c\" data-id=\"6d6ee7c\" data-element_type=\"column\">\n\t\t\t<div class=\"elementor-column-wrap elementor-element-populated\">\n\t\t\t\t\t\t\t<div class=\"elementor-widget-wrap\">\n\t\t\t\t\t\t<div class=\"elementor-element elementor-element-a08884e elementor-widget elementor-widget-image\" data-id=\"a08884e\" data-element_type=\"widget\" data-widget_type=\"image.default\">\n\t\t\t\t<div class=\"elementor-widget-container\">\n\t\t\t\t\t\t\t\t<div class=\"elementor-image\">\n\t\t\t\t\t\t\t\t\t\t\t\t<img width=\"768\" height=\"280\" src=\"https:\/\/www.dance-fitness-academy.de\/wp-content\/uploads\/2023\/02\/wir-sind-clever-fit-768x280.jpg\" class=\"attachment-medium_large size-medium_large\" alt=\"\" loading=\"lazy\" srcset=\"https:\/\/www.dance-fitness-academy.de\/wp-content\/uploads\/2023\/02\/wir-sind-clever-fit-768x280.jpg 768w, https:\/\/www.dance-fitness-academy.de\/wp-content\/uploads\/2023\/02\/wir-sind-clever-fit-300x109.jpg 300w, https:\/\/www.dance-fitness-academy.de\/wp-content\/uploads\/2023\/02\/wir-sind-clever-fit-1024x374.jpg 1024w, https:\/\/www.dance-fitness-academy.de\/wp-content\/uploads\/2023\/02\/wir-sind-clever-fit.jpg 1431w\" sizes=\"(max-width: 768px) 100vw, 768px\" \/>\t\t\t\t\t\t\t\t\t\t\t\t\t\t<\/div>\n\t\t\t\t\t\t<\/div>\n\t\t\t\t<\/div>\n\t\t\t\t\t\t<\/div>\n\t\t\t\t\t<\/div>\n\t\t<\/div>\n\t\t\t\t\t\t\t\t<\/div>\n\t\t\t\t\t<\/div>\n\t\t<\/section>\n\t\t\t\t<section class=\"elementor-section elementor-top-section elementor-element elementor-element-bgujuo2 elementor-section-boxed elementor-section-height-default elementor-section-height-default\" data-id=\"bgujuo2\" data-element_type=\"section\">\n\t\t\t\t\t\t<div class=\"elementor-container elementor-column-gap-default\">\n\t\t\t\t\t\t\t<div class=\"elementor-row\">\n\t\t\t\t\t<div class=\"elementor-column elementor-col-50 elementor-top-column elementor-element elementor-element-1mleml5\" data-id=\"1mleml5\" data-element_type=\"column\">\n\t\t\t<div class=\"elementor-column-wrap elementor-element-populated\">\n\t\t\t\t\t\t\t<div class=\"elementor-widget-wrap\">\n\t\t\t\t\t\t<div class=\"elementor-element elementor-element-tu3bzg6 elementor-widget elementor-widget-heading\" data-id=\"tu3bzg6\" data-element_type=\"widget\" data-widget_type=\"heading.default\">\n\t\t\t\t<div class=\"elementor-widget-container\">\n\t\t\t<h2 class=\"elementor-heading-title elementor-size-default\">Probestunden<\/h2>\t\t<\/div>\n\t\t\t\t<\/div>\n\t\t\t\t<div class=\"elementor-element elementor-element-oip2sir elementor-widget elementor-widget-text-editor\" data-id=\"oip2sir\" data-element_type=\"widget\" data-widget_type=\"text-editor.default\">\n\t\t\t\t<div class=\"elementor-widget-container\">\n\t\t\t\t\t\t\t\t<div class=\"elementor-text-editor elementor-clearfix\">\n\t\t\t\t<p class=\"isSelectedEnd\">An unserem <strong>Gymbuddy-Tag (Freitag)<\/strong> sowie an unserem <strong>kostenlosen Kurstag<\/strong> hast du die M\u00f6glichkeit, unsere <strong>Kursstunden kostenfrei auszuprobieren<\/strong>.<\/p><p class=\"isSelectedEnd\">Wenn du einen anderen Tag w\u00e4hlen m\u00f6chtest, kannst du mit einem <strong>Tagesticket<\/strong> teilnehmen. Dieses berechtigt dich, <strong>an allen Kursstunden des Tages teilzunehmen<\/strong> und das <strong>gesamte Studio<\/strong> zu nutzen \u2013 inklusive <strong>Kraftbereich, Sauna und Solarium<\/strong>.<\/p><p>Au\u00dferdem stehen dir <strong>Getr\u00e4nke, Duschen sowie kostenlose Parkpl\u00e4tze<\/strong> selbstverst\u00e4ndlich zur Verf\u00fcgung.<\/p><p>Bitte melden Sie sich zum Erstbesuch bei uns an.<\/p><p>Gerne per Telefon: 0871\/96699393<\/p><p>Per WhatsApp: 0170\/2817824<\/p>\t\t\t\t\t<\/div>\n\t\t\t\t\t\t<\/div>\n\t\t\t\t<\/div>\n\t\t\t\t\t\t<\/div>\n\t\t\t\t\t<\/div>\n\t\t<\/div>\n\t\t\t\t<div class=\"elementor-column elementor-col-50 elementor-top-column elementor-element elementor-element-micdtxd\" data-id=\"micdtxd\" data-element_type=\"column\">\n\t\t\t<div class=\"elementor-column-wrap elementor-element-populated\">\n\t\t\t\t\t\t\t<div class=\"elementor-widget-wrap\">\n\t\t\t\t\t\t<div class=\"elementor-element elementor-element-bi4bz7y elementor-widget elementor-widget-heading\" data-id=\"bi4bz7y\" data-element_type=\"widget\" data-widget_type=\"heading.default\">\n\t\t\t\t<div class=\"elementor-widget-container\">\n\t\t\t<h2 class=\"elementor-heading-title elementor-size-default\">Pole Dance <\/h2>\t\t<\/div>\n\t\t\t\t<\/div>\n\t\t\t\t<div class=\"elementor-element elementor-element-7d4m6fb elementor-widget elementor-widget-toggle\" data-id=\"7d4m6fb\" data-element_type=\"widget\" data-widget_type=\"toggle.default\">\n\t\t\t\t<div class=\"elementor-widget-container\">\n\t\t\t\t\t<div class=\"elementor-toggle\" role=\"tablist\">\n\t\t\t\t\t\t\t<div class=\"elementor-toggle-item\">\n\t\t\t\t\t<div id=\"elementor-tab-title-8211\" class=\"elementor-tab-title\" data-tab=\"1\" role=\"tab\" aria-controls=\"elementor-tab-content-8211\" aria-expanded=\"false\">\n\t\t\t\t\t\t\t\t\t\t\t\t<span class=\"elementor-toggle-icon elementor-toggle-icon-left\" aria-hidden=\"true\">\n\t\t\t\t\t\t\t\t\t\t\t\t\t\t\t<span class=\"elementor-toggle-icon-closed\"><i class=\"fas fa-caret-right\"><\/i><\/span>\n\t\t\t\t\t\t\t\t<span class=\"elementor-toggle-icon-opened\"><i class=\"elementor-toggle-icon-opened fas fa-caret-up\"><\/i><\/span>\n\t\t\t\t\t\t\t\t\t\t\t\t\t<\/span>\n\t\t\t\t\t\t\t\t\t\t\t\t<a href=\"\" class=\"elementor-toggle-title\">Pole Dance Workshop<\/a>\n\t\t\t\t\t<\/div>\n\n\t\t\t\t\t<div id=\"elementor-tab-content-8211\" class=\"elementor-tab-content elementor-clearfix\" data-tab=\"1\" role=\"tabpanel\" aria-labelledby=\"elementor-tab-title-8211\"><p>70,-\u20ac<\/p><ul><li>Workshop Anf\u00e4nger dauert\u00a0 4 Unterrichtseinheiten. unter der Woche als auch am Wochenende.<\/li><li style=\"text-align: left;\">Ab 10 Jahren m\u00f6glich<\/li><li style=\"text-align: left;\">Achten Sie auf die Kategorien unsere Kurse<\/li><li style=\"text-align: left;\">Unsere Workshops sind unverbindliche Workshop und auch f\u00fcr externe Teilnehmer zu buchen. Im Vorfeld mit Anmeldung\u00a0<\/li><li>F\u00fcr externe <em>Fortgeschrittene<\/em> Teilnehmer sind Kurse zu belegen f\u00fcr 25,- \u20ac pro Stunde<\/li><li style=\"text-align: left;\">Anmeldung erforderlich<\/li><\/ul><\/div>\n\t\t\t\t<\/div>\n\t\t\t\t\t\t\t\t<\/div>\n\t\t\t\t<\/div>\n\t\t\t\t<\/div>\n\t\t\t\t<div class=\"elementor-element elementor-element-0keidqq elementor-widget elementor-widget-text-editor\" data-id=\"0keidqq\" data-element_type=\"widget\" data-widget_type=\"text-editor.default\">\n\t\t\t\t<div class=\"elementor-widget-container\">\n\t\t\t\t\t\t\t\t<div class=\"elementor-text-editor elementor-clearfix\">\n\t\t\t\t\t\t\t\t\t<\/div>\n\t\t\t\t\t\t<\/div>\n\t\t\t\t<\/div>\n\t\t\t\t\t\t<\/div>\n\t\t\t\t\t<\/div>\n\t\t<\/div>\n\t\t\t\t\t\t\t\t<\/div>\n\t\t\t\t\t<\/div>\n\t\t<\/section>\n\t\t\t\t<section class=\"elementor-section elementor-top-section elementor-element elementor-element-97ee3vv elementor-section-boxed elementor-section-height-default elementor-section-height-default\" data-id=\"97ee3vv\" data-element_type=\"section\">\n\t\t\t\t\t\t<div class=\"elementor-container elementor-column-gap-default\">\n\t\t\t\t\t\t\t<div class=\"elementor-row\">\n\t\t\t\t\t<div class=\"elementor-column elementor-col-100 elementor-top-column elementor-element elementor-element-wtmr3n5\" data-id=\"wtmr3n5\" data-element_type=\"column\">\n\t\t\t<div class=\"elementor-column-wrap elementor-element-populated\">\n\t\t\t\t\t\t\t<div class=\"elementor-widget-wrap\">\n\t\t\t\t\t\t<div class=\"elementor-element elementor-element-p9q8m9w elementor-widget-divider--view-line elementor-widget elementor-widget-divider\" data-id=\"p9q8m9w\" data-element_type=\"widget\" data-widget_type=\"divider.default\">\n\t\t\t\t<div class=\"elementor-widget-container\">\n\t\t\t\t\t<div class=\"elementor-divider\">\n\t\t\t<span class=\"elementor-divider-separator\">\n\t\t\t\t\t\t<\/span>\n\t\t<\/div>\n\t\t\t\t<\/div>\n\t\t\t\t<\/div>\n\t\t\t\t\t\t<\/div>\n\t\t\t\t\t<\/div>\n\t\t<\/div>\n\t\t\t\t\t\t\t\t<\/div>\n\t\t\t\t\t<\/div>\n\t\t<\/section>\n\t\t\t\t<section class=\"elementor-section elementor-top-section elementor-element elementor-element-es59bwt elementor-section-boxed elementor-section-height-default elementor-section-height-default\" data-id=\"es59bwt\" data-element_type=\"section\">\n\t\t\t\t\t\t<div class=\"elementor-container elementor-column-gap-default\">\n\t\t\t\t\t\t\t<div class=\"elementor-row\">\n\t\t\t\t\t<div class=\"elementor-column elementor-col-100 elementor-top-column elementor-element elementor-element-nb5sdb3\" data-id=\"nb5sdb3\" data-element_type=\"column\">\n\t\t\t<div class=\"elementor-column-wrap elementor-element-populated\">\n\t\t\t\t\t\t\t<div class=\"elementor-widget-wrap\">\n\t\t\t\t\t\t<div class=\"elementor-element elementor-element-oqqg3ko elementor-widget-divider--view-line elementor-widget elementor-widget-divider\" data-id=\"oqqg3ko\" data-element_type=\"widget\" data-widget_type=\"divider.default\">\n\t\t\t\t<div class=\"elementor-widget-container\">\n\t\t\t\t\t<div class=\"elementor-divider\">\n\t\t\t<span class=\"elementor-divider-separator\">\n\t\t\t\t\t\t<\/span>\n\t\t<\/div>\n\t\t\t\t<\/div>\n\t\t\t\t<\/div>\n\t\t\t\t\t\t<\/div>\n\t\t\t\t\t<\/div>\n\t\t<\/div>\n\t\t\t\t\t\t\t\t<\/div>\n\t\t\t\t\t<\/div>\n\t\t<\/section>\n\t\t\t\t<section class=\"elementor-section elementor-top-section elementor-element elementor-element-xcs3g6a elementor-section-boxed elementor-section-height-default elementor-section-height-default\" data-id=\"xcs3g6a\" data-element_type=\"section\">\n\t\t\t\t\t\t<div class=\"elementor-container elementor-column-gap-default\">\n\t\t\t\t\t\t\t<div class=\"elementor-row\">\n\t\t\t\t\t<div class=\"elementor-column elementor-col-100 elementor-top-column elementor-element elementor-element-43xc517\" data-id=\"43xc517\" data-element_type=\"column\">\n\t\t\t<div class=\"elementor-column-wrap elementor-element-populated\">\n\t\t\t\t\t\t\t<div class=\"elementor-widget-wrap\">\n\t\t\t\t\t\t<div class=\"elementor-element elementor-element-93nxkaq elementor-widget elementor-widget-heading\" data-id=\"93nxkaq\" data-element_type=\"widget\" data-widget_type=\"heading.default\">\n\t\t\t\t<div class=\"elementor-widget-container\">\n\t\t\t<h2 class=\"elementor-heading-title elementor-size-default\">Events:\n\nGerne auch via Whats App zu vereinbaren: <br>0170\/2817824<\/h2>\t\t<\/div>\n\t\t\t\t<\/div>\n\t\t\t\t<div class=\"elementor-element elementor-element-libbx7g elementor-widget elementor-widget-text-editor\" data-id=\"libbx7g\" data-element_type=\"widget\" data-widget_type=\"text-editor.default\">\n\t\t\t\t<div class=\"elementor-widget-container\">\n\t\t\t\t\t\t\t\t<div class=\"elementor-text-editor elementor-clearfix\">\n\t\t\t\t\t\t\t\t\t<\/div>\n\t\t\t\t\t\t<\/div>\n\t\t\t\t<\/div>\n\t\t\t\t<div class=\"elementor-element elementor-element-e9g60k1 elementor-widget elementor-widget-text-editor\" data-id=\"e9g60k1\" data-element_type=\"widget\" data-widget_type=\"text-editor.default\">\n\t\t\t\t<div class=\"elementor-widget-container\">\n\t\t\t\t\t\t\t\t<div class=\"elementor-text-editor elementor-clearfix\">\n\t\t\t\t\t\t\t\t\t<\/div>\n\t\t\t\t\t\t<\/div>\n\t\t\t\t<\/div>\n\t\t\t\t\t\t<\/div>\n\t\t\t\t\t<\/div>\n\t\t<\/div>\n\t\t\t\t\t\t\t\t<\/div>\n\t\t\t\t\t<\/div>\n\t\t<\/section>\n\t\t\t\t<section class=\"elementor-section elementor-top-section elementor-element elementor-element-11b55b7 elementor-section-boxed elementor-section-height-default elementor-section-height-default\" data-id=\"11b55b7\" data-element_type=\"section\">\n\t\t\t\t\t\t<div class=\"elementor-container elementor-column-gap-default\">\n\t\t\t\t\t\t\t<div class=\"elementor-row\">\n\t\t\t\t\t<div class=\"elementor-column elementor-col-100 elementor-top-column elementor-element elementor-element-0cb851e\" data-id=\"0cb851e\" data-element_type=\"column\">\n\t\t\t<div class=\"elementor-column-wrap elementor-element-populated\">\n\t\t\t\t\t\t\t<div class=\"elementor-widget-wrap\">\n\t\t\t\t\t\t<div class=\"elementor-element elementor-element-454559f elementor-widget elementor-widget-image\" data-id=\"454559f\" data-element_type=\"widget\" data-widget_type=\"image.default\">\n\t\t\t\t<div class=\"elementor-widget-container\">\n\t\t\t\t\t\t\t\t<div class=\"elementor-image\">\n\t\t\t\t\t\t\t\t\t\t\t\t<img width=\"473\" height=\"1024\" src=\"https:\/\/www.dance-fitness-academy.de\/wp-content\/uploads\/2026\/03\/Events--473x1024.jpg\" class=\"attachment-large size-large\" alt=\"\" loading=\"lazy\" srcset=\"https:\/\/www.dance-fitness-academy.de\/wp-content\/uploads\/2026\/03\/Events--473x1024.jpg 473w, https:\/\/www.dance-fitness-academy.de\/wp-content\/uploads\/2026\/03\/Events--139x300.jpg 139w, https:\/\/www.dance-fitness-academy.de\/wp-content\/uploads\/2026\/03\/Events--768x1663.jpg 768w, https:\/\/www.dance-fitness-academy.de\/wp-content\/uploads\/2026\/03\/Events--709x1536.jpg 709w, https:\/\/www.dance-fitness-academy.de\/wp-content\/uploads\/2026\/03\/Events-.jpg 936w\" sizes=\"(max-width: 473px) 100vw, 473px\" \/>\t\t\t\t\t\t\t\t\t\t\t\t\t\t<\/div>\n\t\t\t\t\t\t<\/div>\n\t\t\t\t<\/div>\n\t\t\t\t\t\t<\/div>\n\t\t\t\t\t<\/div>\n\t\t<\/div>\n\t\t\t\t\t\t\t\t<\/div>\n\t\t\t\t\t<\/div>\n\t\t<\/section>\n\t\t\t\t\t\t\t\t\t<\/div>\n\t\t\t<\/div>\n\t\t\t\t\t<\/div>\n\t\t","protected":false},"excerpt":{"rendered":"<p>Probestunden An unserem Gymbuddy-Tag (Freitag) sowie an unserem kostenlosen Kurstag hast du die M\u00f6glichkeit, unsere Kursstunden kostenfrei auszuprobieren. Wenn du einen anderen Tag w\u00e4hlen m\u00f6chtest, kannst du mit einem Tagesticket teilnehmen. Dieses berechtigt dich, an allen Kursstunden des Tages teilzunehmen und das gesamte Studio zu nutzen \u2013 inklusive Kraftbereich, Sauna und Solarium. Au\u00dferdem stehen dir &#8230; <a title=\"Preise\" class=\"read-more\" href=\"https:\/\/www.dance-fitness-academy.de\/?page_id=35\" aria-label=\"Mehr bei Preise\">Weiterlesen &#8230;<\/a><\/p>\n","protected":false},"author":1,"featured_media":0,"parent":0,"menu_order":0,"comment_status":"closed","ping_status":"closed","template":"","meta":{"_mi_skip_tracking":false,"generate_page_header":""},"_links":{"self":[{"href":"https:\/\/www.dance-fitness-academy.de\/index.php?rest_route=\/wp\/v2\/pages\/35"}],"collection":[{"href":"https:\/\/www.dance-fitness-academy.de\/index.php?rest_route=\/wp\/v2\/pages"}],"about":[{"href":"https:\/\/www.dance-fitness-academy.de\/index.php?rest_route=\/wp\/v2\/types\/page"}],"author":[{"embeddable":true,"href":"https:\/\/www.dance-fitness-academy.de\/index.php?rest_route=\/wp\/v2\/users\/1"}],"replies":[{"embeddable":true,"href":"https:\/\/www.dance-fitness-academy.de\/index.php?rest_route=%2Fwp%2Fv2%2Fcomments&post=35"}],"version-history":[{"count":148,"href":"https:\/\/www.dance-fitness-academy.de\/index.php?rest_route=\/wp\/v2\/pages\/35\/revisions"}],"predecessor-version":[{"id":2374,"href":"https:\/\/www.dance-fitness-academy.de\/index.php?rest_route=\/wp\/v2\/pages\/35\/revisions\/2374"}],"wp:attachment":[{"href":"https:\/\/www.dance-fitness-academy.de\/index.php?rest_route=%2Fwp%2Fv2%2Fmedia&parent=35"}],"curies":[{"name":"wp","href":"https:\/\/api.w.org\/{rel}","templated":true}]}}