{"id":494,"date":"2017-11-27T11:46:11","date_gmt":"2017-11-27T11:46:11","guid":{"rendered":"http:\/\/www.dance-fitness-academy.de\/?page_id=494"},"modified":"2023-09-19T06:46:36","modified_gmt":"2023-09-19T06:46:36","slug":"geschenkgutscheine","status":"publish","type":"page","link":"https:\/\/www.dance-fitness-academy.de\/?page_id=494","title":{"rendered":"Geschenkgutscheine"},"content":{"rendered":"\t\t<div data-elementor-type=\"wp-page\" data-elementor-id=\"494\" class=\"elementor elementor-494\">\n\t\t\t\t\t\t<div class=\"elementor-inner\">\n\t\t\t\t<div class=\"elementor-section-wrap\">\n\t\t\t\t\t\t\t\t\t<section class=\"elementor-section elementor-top-section elementor-element elementor-element-052ec28 elementor-section-boxed elementor-section-height-default elementor-section-height-default\" data-id=\"052ec28\" data-element_type=\"section\">\n\t\t\t\t\t\t<div class=\"elementor-container elementor-column-gap-default\">\n\t\t\t\t\t\t\t<div class=\"elementor-row\">\n\t\t\t\t\t<div class=\"elementor-column elementor-col-50 elementor-top-column elementor-element elementor-element-724f4af\" data-id=\"724f4af\" data-element_type=\"column\">\n\t\t\t<div class=\"elementor-column-wrap elementor-element-populated\">\n\t\t\t\t\t\t\t<div class=\"elementor-widget-wrap\">\n\t\t\t\t\t\t<div class=\"elementor-element elementor-element-307c0e7 elementor-widget elementor-widget-image\" data-id=\"307c0e7\" data-element_type=\"widget\" data-widget_type=\"image.default\">\n\t\t\t\t<div class=\"elementor-widget-container\">\n\t\t\t\t\t\t\t\t<div class=\"elementor-image\">\n\t\t\t\t\t\t\t\t\t\t\t\t<img width=\"323\" height=\"156\" src=\"https:\/\/www.dance-fitness-academy.de\/wp-content\/uploads\/2021\/06\/gutschein.jpg\" class=\"attachment-large size-large\" alt=\"\" loading=\"lazy\" srcset=\"https:\/\/www.dance-fitness-academy.de\/wp-content\/uploads\/2021\/06\/gutschein.jpg 323w, https:\/\/www.dance-fitness-academy.de\/wp-content\/uploads\/2021\/06\/gutschein-300x145.jpg 300w\" sizes=\"(max-width: 323px) 100vw, 323px\" \/>\t\t\t\t\t\t\t\t\t\t\t\t\t\t<\/div>\n\t\t\t\t\t\t<\/div>\n\t\t\t\t<\/div>\n\t\t\t\t\t\t<\/div>\n\t\t\t\t\t<\/div>\n\t\t<\/div>\n\t\t\t\t<div class=\"elementor-column elementor-col-50 elementor-top-column elementor-element elementor-element-38cae00\" data-id=\"38cae00\" data-element_type=\"column\">\n\t\t\t<div class=\"elementor-column-wrap elementor-element-populated\">\n\t\t\t\t\t\t\t<div class=\"elementor-widget-wrap\">\n\t\t\t\t\t\t<div class=\"elementor-element elementor-element-de4038e elementor-widget elementor-widget-image\" data-id=\"de4038e\" data-element_type=\"widget\" data-widget_type=\"image.default\">\n\t\t\t\t<div class=\"elementor-widget-container\">\n\t\t\t\t\t\t\t\t<div class=\"elementor-image\">\n\t\t\t\t\t\t\t\t\t\t\t\t<img width=\"150\" height=\"150\" src=\"https:\/\/www.dance-fitness-academy.de\/wp-content\/uploads\/2023\/02\/cakra8-sr_orig-150x150.jpg\" class=\"attachment-thumbnail size-thumbnail\" alt=\"\" loading=\"lazy\" \/>\t\t\t\t\t\t\t\t\t\t\t\t\t\t<\/div>\n\t\t\t\t\t\t<\/div>\n\t\t\t\t<\/div>\n\t\t\t\t\t\t<\/div>\n\t\t\t\t\t<\/div>\n\t\t<\/div>\n\t\t\t\t\t\t\t\t<\/div>\n\t\t\t\t\t<\/div>\n\t\t<\/section>\n\t\t\t\t<section class=\"elementor-section elementor-top-section elementor-element elementor-element-eq8bhpr elementor-section-boxed elementor-section-height-default elementor-section-height-default\" data-id=\"eq8bhpr\" data-element_type=\"section\">\n\t\t\t\t\t\t<div class=\"elementor-container elementor-column-gap-default\">\n\t\t\t\t\t\t\t<div class=\"elementor-row\">\n\t\t\t\t\t<div class=\"elementor-column elementor-col-100 elementor-top-column elementor-element elementor-element-wcl4ff4\" data-id=\"wcl4ff4\" data-element_type=\"column\">\n\t\t\t<div class=\"elementor-column-wrap elementor-element-populated\">\n\t\t\t\t\t\t\t<div class=\"elementor-widget-wrap\">\n\t\t\t\t\t\t<div class=\"elementor-element elementor-element-wwm4w9g elementor-widget elementor-widget-image\" data-id=\"wwm4w9g\" data-element_type=\"widget\" data-widget_type=\"image.default\">\n\t\t\t\t<div class=\"elementor-widget-container\">\n\t\t\t\t\t\t\t\t<div class=\"elementor-image\">\n\t\t\t\t\t\t\t\t\t\t\t\t<img width=\"347\" height=\"145\" src=\"https:\/\/www.dance-fitness-academy.de\/wp-content\/uploads\/2021\/06\/halt-an.jpg\" class=\"attachment-large size-large\" alt=\"\" loading=\"lazy\" srcset=\"https:\/\/www.dance-fitness-academy.de\/wp-content\/uploads\/2021\/06\/halt-an.jpg 347w, https:\/\/www.dance-fitness-academy.de\/wp-content\/uploads\/2021\/06\/halt-an-300x125.jpg 300w\" sizes=\"(max-width: 347px) 100vw, 347px\" \/>\t\t\t\t\t\t\t\t\t\t\t\t\t\t<\/div>\n\t\t\t\t\t\t<\/div>\n\t\t\t\t<\/div>\n\t\t\t\t\t\t<\/div>\n\t\t\t\t\t<\/div>\n\t\t<\/div>\n\t\t\t\t\t\t\t\t<\/div>\n\t\t\t\t\t<\/div>\n\t\t<\/section>\n\t\t\t\t<section class=\"elementor-section elementor-top-section elementor-element elementor-element-9955417 elementor-section-boxed elementor-section-height-default elementor-section-height-default\" data-id=\"9955417\" data-element_type=\"section\">\n\t\t\t\t\t\t<div class=\"elementor-container elementor-column-gap-default\">\n\t\t\t\t\t\t\t<div class=\"elementor-row\">\n\t\t\t\t\t<div class=\"elementor-column elementor-col-100 elementor-top-column elementor-element elementor-element-fc010e1\" data-id=\"fc010e1\" data-element_type=\"column\">\n\t\t\t<div class=\"elementor-column-wrap elementor-element-populated\">\n\t\t\t\t\t\t\t<div class=\"elementor-widget-wrap\">\n\t\t\t\t\t\t<section class=\"elementor-section elementor-inner-section elementor-element elementor-element-175210e elementor-section-boxed elementor-section-height-default elementor-section-height-default\" data-id=\"175210e\" data-element_type=\"section\">\n\t\t\t\t\t\t<div class=\"elementor-container elementor-column-gap-default\">\n\t\t\t\t\t\t\t<div class=\"elementor-row\">\n\t\t\t\t\t<div class=\"elementor-column elementor-col-50 elementor-inner-column elementor-element elementor-element-ec9caa0\" data-id=\"ec9caa0\" data-element_type=\"column\">\n\t\t\t<div class=\"elementor-column-wrap elementor-element-populated\">\n\t\t\t\t\t\t\t<div class=\"elementor-widget-wrap\">\n\t\t\t\t\t\t<div class=\"elementor-element elementor-element-958c141 elementor-widget elementor-widget-heading\" data-id=\"958c141\" data-element_type=\"widget\" data-widget_type=\"heading.default\">\n\t\t\t\t<div class=\"elementor-widget-container\">\n\t\t\t<h2 class=\"elementor-heading-title elementor-size-default\">GESCHENKGUTSCHEINE<\/h2>\t\t<\/div>\n\t\t\t\t<\/div>\n\t\t\t\t<div class=\"elementor-element elementor-element-9dde8cd elementor-widget elementor-widget-text-editor\" data-id=\"9dde8cd\" data-element_type=\"widget\" data-widget_type=\"text-editor.default\">\n\t\t\t\t<div class=\"elementor-widget-container\">\n\t\t\t\t\t\t\t\t<div class=\"elementor-text-editor elementor-clearfix\">\n\t\t\t\t<h5>Deinen <span style=\"font-family: 'courier new', courier, monospace; color: #ff0000;\">Geschenkgutschein<\/span> kannst du bei uns abholen, oder wir senden ihn Dir per Post.\u00a0<\/h5><p>In einem sch\u00f6nen Design wird es dem Beschenkten bestimmt viel Freude bereiten.\u00a0<\/p>\t\t\t\t\t<\/div>\n\t\t\t\t\t\t<\/div>\n\t\t\t\t<\/div>\n\t\t\t\t\t\t<\/div>\n\t\t\t\t\t<\/div>\n\t\t<\/div>\n\t\t\t\t<div class=\"elementor-column elementor-col-50 elementor-inner-column elementor-element elementor-element-1a65b3c\" data-id=\"1a65b3c\" data-element_type=\"column\">\n\t\t\t<div class=\"elementor-column-wrap elementor-element-populated\">\n\t\t\t\t\t\t\t<div class=\"elementor-widget-wrap\">\n\t\t\t\t\t\t<div class=\"elementor-element elementor-element-1341aac elementor-widget elementor-widget-text-editor\" data-id=\"1341aac\" data-element_type=\"widget\" data-widget_type=\"text-editor.default\">\n\t\t\t\t<div class=\"elementor-widget-container\">\n\t\t\t\t\t\t\t\t<div class=\"elementor-text-editor elementor-clearfix\">\n\t\t\t\t<p>* <strong><span style=\"color: #ff0000;\">Pole DANCE Anf\u00e4nger<\/span><\/strong> Workshop ( f\u00fcr eine Person 4x 45 Min. Kurs oder 3x 60 Min. Kurs ) <strong>Kosten 70 ,-\u20ac<\/strong>&nbsp;<\/p>\n<p>*<span style=\"color: #ff0000;\"><strong>10er Karte<\/strong><\/span> auf ausgew\u00e4hlten<span style=\"color: #ff0000;\"> Erwachsene<\/span> ( f\u00fcr eine Person 10 Tageseinheiten. <strong>Kosten:<\/strong> <strong>129,- \u20ac&nbsp;<\/strong><\/p>\n<p>*<strong><span style=\"color: #ff0000;\">10er Karte<\/span><\/strong> f\u00fcr ausgew\u00e4hlten <span style=\"color: #ff0000;\">Teenager<\/span> ab 10-16 Jahren(f\u00fcr eine Person 11 Ausgezeichnete Teenskurse )&nbsp;<strong>Kosten: 99,- \u20ac<\/strong><\/p>\n<p>*<span style=\"color: #ff0000;\"><strong>Tagesticket<\/strong><\/span> f\u00fcr eine Person ab 18 Jahre ( Nutzung aller Ger\u00e4te + Kurse + Solarium <strong>Kosten:<\/strong> <strong>20,- \u20ac<\/strong><\/p>\n<p>*<strong><span style=\"color: #ff0000;\">Montatskarte<\/span> <\/strong>f\u00fcr eine Pers. (Ger\u00e4tetraining, ausgew\u00e4hlte Kurse, Solarium) <strong>Kosten 99 ,-\u20ac<\/strong><\/p>\n<p>Bitte zu den Kursen bei Erstbesuch anmelden.<\/p>\n<p><strong>&nbsp;&nbsp;<\/strong><\/p>\t\t\t\t\t<\/div>\n\t\t\t\t\t\t<\/div>\n\t\t\t\t<\/div>\n\t\t\t\t\t\t<\/div>\n\t\t\t\t\t<\/div>\n\t\t<\/div>\n\t\t\t\t\t\t\t\t<\/div>\n\t\t\t\t\t<\/div>\n\t\t<\/section>\n\t\t\t\t\t\t<\/div>\n\t\t\t\t\t<\/div>\n\t\t<\/div>\n\t\t\t\t\t\t\t\t<\/div>\n\t\t\t\t\t<\/div>\n\t\t<\/section>\n\t\t\t\t\t\t\t\t\t<\/div>\n\t\t\t<\/div>\n\t\t\t\t\t<\/div>\n\t\t","protected":false},"excerpt":{"rendered":"<p>GESCHENKGUTSCHEINE Deinen Geschenkgutschein kannst du bei uns abholen, oder wir senden ihn Dir per Post.\u00a0 In einem sch\u00f6nen Design wird es dem Beschenkten bestimmt viel Freude bereiten.\u00a0 * Pole DANCE Anf\u00e4nger Workshop ( f\u00fcr eine Person 4x 45 Min. Kurs oder 3x 60 Min. Kurs ) Kosten 70 ,-\u20ac&nbsp; *10er Karte auf ausgew\u00e4hlten Erwachsene ( &#8230; <a title=\"Geschenkgutscheine\" class=\"read-more\" href=\"https:\/\/www.dance-fitness-academy.de\/?page_id=494\" aria-label=\"Mehr bei Geschenkgutscheine\">Weiterlesen &#8230;<\/a><\/p>\n","protected":false},"author":1,"featured_media":0,"parent":35,"menu_order":0,"comment_status":"closed","ping_status":"closed","template":"","meta":{"_mi_skip_tracking":false,"generate_page_header":""},"_links":{"self":[{"href":"https:\/\/www.dance-fitness-academy.de\/index.php?rest_route=\/wp\/v2\/pages\/494"}],"collection":[{"href":"https:\/\/www.dance-fitness-academy.de\/index.php?rest_route=\/wp\/v2\/pages"}],"about":[{"href":"https:\/\/www.dance-fitness-academy.de\/index.php?rest_route=\/wp\/v2\/types\/page"}],"author":[{"embeddable":true,"href":"https:\/\/www.dance-fitness-academy.de\/index.php?rest_route=\/wp\/v2\/users\/1"}],"replies":[{"embeddable":true,"href":"https:\/\/www.dance-fitness-academy.de\/index.php?rest_route=%2Fwp%2Fv2%2Fcomments&post=494"}],"version-history":[{"count":24,"href":"https:\/\/www.dance-fitness-academy.de\/index.php?rest_route=\/wp\/v2\/pages\/494\/revisions"}],"predecessor-version":[{"id":2047,"href":"https:\/\/www.dance-fitness-academy.de\/index.php?rest_route=\/wp\/v2\/pages\/494\/revisions\/2047"}],"up":[{"embeddable":true,"href":"https:\/\/www.dance-fitness-academy.de\/index.php?rest_route=\/wp\/v2\/pages\/35"}],"wp:attachment":[{"href":"https:\/\/www.dance-fitness-academy.de\/index.php?rest_route=%2Fwp%2Fv2%2Fmedia&parent=494"}],"curies":[{"name":"wp","href":"https:\/\/api.w.org\/{rel}","templated":true}]}}